{"id":21,"date":"2012-08-09T14:45:16","date_gmt":"2012-08-09T12:45:16","guid":{"rendered":"http:\/\/www.liberolaboratorio.eu\/tuttaunaltracosa\/?page_id=21"},"modified":"2024-08-23T10:18:38","modified_gmt":"2024-08-23T08:18:38","slug":"il-festival","status":"publish","type":"page","link":"https:\/\/assobdm.it\/tuttaunaltracosa\/il-festival\/","title":{"rendered":"Il festival"},"content":{"rendered":"\t\t<div data-elementor-type=\"wp-page\" data-elementor-id=\"21\" class=\"elementor elementor-21\" data-elementor-post-type=\"page\">\n\t\t\t\t<div class=\"elementor-element elementor-element-dca82e6 e-con-full animated-fast e-flex elementor-invisible e-con e-parent\" data-id=\"dca82e6\" data-element_type=\"container\" data-e-type=\"container\" data-settings=\"{&quot;background_background&quot;:&quot;classic&quot;,&quot;animation&quot;:&quot;fadeIn&quot;}\">\n\t\t\t\t<\/div>\n\t\t<div class=\"elementor-element elementor-element-6730bc9 el_boxed e-flex e-con-boxed e-con e-parent\" data-id=\"6730bc9\" data-element_type=\"container\" data-e-type=\"container\">\n\t\t\t\t\t<div class=\"e-con-inner\">\n\t\t\t\t<div class=\"elementor-element elementor-element-14c8af1 elementor-widget elementor-widget-breadcrumbs\" data-id=\"14c8af1\" data-element_type=\"widget\" data-e-type=\"widget\" data-widget_type=\"breadcrumbs.default\">\n\t\t\t\t<div class=\"elementor-widget-container\">\n\t\t\t\t\t<p id=\"breadcrumbs\"><span><span><a href=\"https:\/\/assobdm.it\/tuttaunaltracosa\/\">Home<\/a><\/span><\/span><\/p>\t\t\t\t<\/div>\n\t\t\t\t<\/div>\n\t\t\t\t<div class=\"elementor-element elementor-element-6899b9c elementor-invisible elementor-widget elementor-widget-heading\" data-id=\"6899b9c\" data-element_type=\"widget\" data-e-type=\"widget\" data-settings=\"{&quot;_animation&quot;:&quot;fadeIn&quot;}\" data-widget_type=\"heading.default\">\n\t\t\t\t<div class=\"elementor-widget-container\">\n\t\t\t\t\t<h1 class=\"elementor-heading-title elementor-size-default\">Il festival<\/h1>\t\t\t\t<\/div>\n\t\t\t\t<\/div>\n\t\t\t\t<div class=\"elementor-element elementor-element-ab4b395 elementor-invisible elementor-widget elementor-widget-text-editor\" data-id=\"ab4b395\" data-element_type=\"widget\" data-e-type=\"widget\" data-settings=\"{&quot;_animation&quot;:&quot;fadeInLeft&quot;}\" data-widget_type=\"text-editor.default\">\n\t\t\t\t<div class=\"elementor-widget-container\">\n\t\t\t\t\t\t\t\t\t<h3>Tuttaunaltracosa \u00e8 il Festival nazionale del commercio equo e solidale, organizzato dall\u2019Associazione Botteghe del Mondo, la rete nazionale di oltre 60 soci tra botteghe del mondo e importatori, attiva dal 1991.<\/h3>\t\t\t\t\t\t\t\t<\/div>\n\t\t\t\t<\/div>\n\t\t\t\t<div class=\"elementor-element elementor-element-74d5e0f elementor-invisible elementor-widget elementor-widget-text-editor\" data-id=\"74d5e0f\" data-element_type=\"widget\" data-e-type=\"widget\" data-settings=\"{&quot;_animation&quot;:&quot;fadeInLeft&quot;}\" data-widget_type=\"text-editor.default\">\n\t\t\t\t<div class=\"elementor-widget-container\">\n\t\t\t\t\t\t\t\t\t<p>L\u2019associazione, oltre a promuovere il commercio equo su tutto il territorio, favorisce la nascita di nuove realt\u00e0 imprenditoriali e svolge attivit\u00e0 di formazione sullo sviluppo sostenibile, in collaborazione con le Universit\u00e0 e le scuole.<\/p>\t\t\t\t\t\t\t\t<\/div>\n\t\t\t\t<\/div>\n\t\t\t\t<div class=\"elementor-element elementor-element-da02758 elementor-invisible elementor-widget elementor-widget-text-editor\" data-id=\"da02758\" data-element_type=\"widget\" data-e-type=\"widget\" data-settings=\"{&quot;_animation&quot;:&quot;fadeInLeft&quot;}\" data-widget_type=\"text-editor.default\">\n\t\t\t\t<div class=\"elementor-widget-container\">\n\t\t\t\t\t\t\t\t\t<p>Ha promosso e collaborato alla stesura della Carta Italiana dei Criteri del Commercio Equo e Solidale e alla versione internazionale del 2018 &#8220;International Fair Trade Charter&#8221;.<\/p>\t\t\t\t\t\t\t\t<\/div>\n\t\t\t\t<\/div>\n\t\t\t\t<div class=\"elementor-element elementor-element-2d05516 elementor-invisible elementor-widget elementor-widget-text-editor\" data-id=\"2d05516\" data-element_type=\"widget\" data-e-type=\"widget\" data-settings=\"{&quot;_animation&quot;:&quot;fadeInLeft&quot;}\" data-widget_type=\"text-editor.default\">\n\t\t\t\t<div class=\"elementor-widget-container\">\n\t\t\t\t\t\t\t\t\t<p>Assobotteghe \u00e8 socia del WFTO, l\u2019Organizzazione mondiale del Commercio equo e solidale e ha partecipato, fino a quest\u2019anno, al board del WFTO Europe.<\/p><p>\u00c8 depositaria del marchio Bottega del Mondo, a tutela del movimento italiano e del marchio Tuttaunaltracosa del Festival nazionale del commercio equo e solidale.<\/p>\t\t\t\t\t\t\t\t<\/div>\n\t\t\t\t<\/div>\n\t\t\t\t<div class=\"elementor-element elementor-element-0a14892 elementor-invisible elementor-widget elementor-widget-text-editor\" data-id=\"0a14892\" data-element_type=\"widget\" data-e-type=\"widget\" data-settings=\"{&quot;_animation&quot;:&quot;fadeInRight&quot;}\" data-widget_type=\"text-editor.default\">\n\t\t\t\t<div class=\"elementor-widget-container\">\n\t\t\t\t\t\t\t\t\t<h4>Per saperne di pi\u00f9\u00a0<a href=\"https:\/\/assobdm.it\/\" rel=\"noopener noreferrer\">www.assobdm.it<\/a> e\u00a0 <a href=\"https:\/\/wfto.com\/\" target=\"_blank\" rel=\"noopener noreferrer\">www.wfto.com\/<\/a><\/h4>\t\t\t\t\t\t\t\t<\/div>\n\t\t\t\t<\/div>\n\t\t\t\t\t<\/div>\n\t\t\t\t<\/div>\n\t\t\t\t<\/div>\n\t\t","protected":false},"excerpt":{"rendered":"<p>Il festival Tuttaunaltracosa \u00e8 il Festival nazionale del commercio equo&#8230;<\/p>\n","protected":false},"author":1,"featured_media":0,"parent":0,"menu_order":0,"comment_status":"open","ping_status":"closed","template":"elementor_header_footer","meta":{"_acf_changed":false,"footnotes":""},"class_list":["post-21","page","type-page","status-publish","hentry"],"acf":[],"yoast_head":"<!-- This site is optimized with the Yoast SEO plugin v27.5 - https:\/\/yoast.com\/product\/yoast-seo-wordpress\/ -->\n<title>Il festival | TuttaUnAltraCosa<\/title>\n<meta name=\"description\" content=\"Tuttaunaltracosa \u00e8 la carovana equosolidale che ogni anno riunisce i progetti delle Botteghe del Mondo, gli artigiani e i volontari di tutta Italia\" \/>\n<meta name=\"robots\" content=\"index, follow, max-snippet:-1, max-image-preview:large, max-video-preview:-1\" \/>\n<link rel=\"canonical\" href=\"https:\/\/assobdm.it\/tuttaunaltracosa\/il-festival\/\" \/>\n<meta property=\"og:locale\" content=\"it_IT\" \/>\n<meta property=\"og:type\" content=\"article\" \/>\n<meta property=\"og:title\" content=\"Il festival | TuttaUnAltraCosa\" \/>\n<meta property=\"og:description\" content=\"Tuttaunaltracosa \u00e8 la carovana equosolidale che ogni anno riunisce i progetti delle Botteghe del Mondo, gli artigiani e i volontari di tutta Italia\" \/>\n<meta property=\"og:url\" content=\"https:\/\/assobdm.it\/tuttaunaltracosa\/il-festival\/\" \/>\n<meta property=\"og:site_name\" content=\"TuttaUnAltraCosa\" \/>\n<meta property=\"article:publisher\" content=\"https:\/\/www.facebook.com\/Tuttaunaltracosa\/?locale=it_IT\" \/>\n<meta property=\"article:modified_time\" content=\"2024-08-23T08:18:38+00:00\" \/>\n<meta property=\"og:image\" content=\"https:\/\/assobdm.it\/tuttaunaltracosa\/wp-content\/uploads\/TUAC_SaveTheDate_2024.jpg\" \/>\n\t<meta property=\"og:image:width\" content=\"1771\" \/>\n\t<meta property=\"og:image:height\" content=\"1299\" \/>\n\t<meta property=\"og:image:type\" content=\"image\/jpeg\" \/>\n<meta name=\"twitter:card\" content=\"summary_large_image\" \/>\n<meta name=\"twitter:label1\" content=\"Tempo di lettura stimato\" \/>\n\t<meta name=\"twitter:data1\" content=\"1 minuto\" \/>\n<script type=\"application\/ld+json\" class=\"yoast-schema-graph\">{\"@context\":\"https:\\\/\\\/schema.org\",\"@graph\":[{\"@type\":\"WebPage\",\"@id\":\"https:\\\/\\\/assobdm.it\\\/tuttaunaltracosa\\\/il-festival\\\/\",\"url\":\"https:\\\/\\\/assobdm.it\\\/tuttaunaltracosa\\\/il-festival\\\/\",\"name\":\"Il festival | TuttaUnAltraCosa\",\"isPartOf\":{\"@id\":\"https:\\\/\\\/assobdm.it\\\/tuttaunaltracosa\\\/#website\"},\"datePublished\":\"2012-08-09T12:45:16+00:00\",\"dateModified\":\"2024-08-23T08:18:38+00:00\",\"description\":\"Tuttaunaltracosa \u00e8 la carovana equosolidale che ogni anno riunisce i progetti delle Botteghe del Mondo, gli artigiani e i volontari di tutta Italia\",\"breadcrumb\":{\"@id\":\"https:\\\/\\\/assobdm.it\\\/tuttaunaltracosa\\\/il-festival\\\/#breadcrumb\"},\"inLanguage\":\"it-IT\",\"potentialAction\":[{\"@type\":\"ReadAction\",\"target\":[\"https:\\\/\\\/assobdm.it\\\/tuttaunaltracosa\\\/il-festival\\\/\"]}]},{\"@type\":\"BreadcrumbList\",\"@id\":\"https:\\\/\\\/assobdm.it\\\/tuttaunaltracosa\\\/il-festival\\\/#breadcrumb\",\"itemListElement\":[{\"@type\":\"ListItem\",\"position\":1,\"name\":\"Home\",\"item\":\"https:\\\/\\\/assobdm.it\\\/tuttaunaltracosa\\\/\"},{\"@type\":\"ListItem\",\"position\":2,\"name\":\"Il festival\"}]},{\"@type\":\"WebSite\",\"@id\":\"https:\\\/\\\/assobdm.it\\\/tuttaunaltracosa\\\/#website\",\"url\":\"https:\\\/\\\/assobdm.it\\\/tuttaunaltracosa\\\/\",\"name\":\"TuttaUnAltraCosa\",\"description\":\"30\u00b0 Fiera del commercio Equo e solidale\",\"publisher\":{\"@id\":\"https:\\\/\\\/assobdm.it\\\/tuttaunaltracosa\\\/#organization\"},\"alternateName\":\"Fiera del commercio Equo e solidale\",\"potentialAction\":[{\"@type\":\"SearchAction\",\"target\":{\"@type\":\"EntryPoint\",\"urlTemplate\":\"https:\\\/\\\/assobdm.it\\\/tuttaunaltracosa\\\/?s={search_term_string}\"},\"query-input\":{\"@type\":\"PropertyValueSpecification\",\"valueRequired\":true,\"valueName\":\"search_term_string\"}}],\"inLanguage\":\"it-IT\"},{\"@type\":\"Organization\",\"@id\":\"https:\\\/\\\/assobdm.it\\\/tuttaunaltracosa\\\/#organization\",\"name\":\"TuttaUnAltraCosa\",\"alternateName\":\"Fiera del commercio Equo e solidale\",\"url\":\"https:\\\/\\\/assobdm.it\\\/tuttaunaltracosa\\\/\",\"logo\":{\"@type\":\"ImageObject\",\"inLanguage\":\"it-IT\",\"@id\":\"https:\\\/\\\/assobdm.it\\\/tuttaunaltracosa\\\/#\\\/schema\\\/logo\\\/image\\\/\",\"url\":\"https:\\\/\\\/assobdm.it\\\/tuttaunaltracosa\\\/wp-content\\\/uploads\\\/TuttaUnAltraCosa-logo.png\",\"contentUrl\":\"https:\\\/\\\/assobdm.it\\\/tuttaunaltracosa\\\/wp-content\\\/uploads\\\/TuttaUnAltraCosa-logo.png\",\"width\":480,\"height\":144,\"caption\":\"TuttaUnAltraCosa\"},\"image\":{\"@id\":\"https:\\\/\\\/assobdm.it\\\/tuttaunaltracosa\\\/#\\\/schema\\\/logo\\\/image\\\/\"},\"sameAs\":[\"https:\\\/\\\/www.facebook.com\\\/Tuttaunaltracosa\\\/?locale=it_IT\"]}]}<\/script>\n<!-- \/ Yoast SEO plugin. -->","yoast_head_json":{"title":"Il festival | TuttaUnAltraCosa","description":"Tuttaunaltracosa \u00e8 la carovana equosolidale che ogni anno riunisce i progetti delle Botteghe del Mondo, gli artigiani e i volontari di tutta Italia","robots":{"index":"index","follow":"follow","max-snippet":"max-snippet:-1","max-image-preview":"max-image-preview:large","max-video-preview":"max-video-preview:-1"},"canonical":"https:\/\/assobdm.it\/tuttaunaltracosa\/il-festival\/","og_locale":"it_IT","og_type":"article","og_title":"Il festival | TuttaUnAltraCosa","og_description":"Tuttaunaltracosa \u00e8 la carovana equosolidale che ogni anno riunisce i progetti delle Botteghe del Mondo, gli artigiani e i volontari di tutta Italia","og_url":"https:\/\/assobdm.it\/tuttaunaltracosa\/il-festival\/","og_site_name":"TuttaUnAltraCosa","article_publisher":"https:\/\/www.facebook.com\/Tuttaunaltracosa\/?locale=it_IT","article_modified_time":"2024-08-23T08:18:38+00:00","og_image":[{"width":1771,"height":1299,"url":"https:\/\/assobdm.it\/tuttaunaltracosa\/wp-content\/uploads\/TUAC_SaveTheDate_2024.jpg","type":"image\/jpeg"}],"twitter_card":"summary_large_image","twitter_misc":{"Tempo di lettura stimato":"1 minuto"},"schema":{"@context":"https:\/\/schema.org","@graph":[{"@type":"WebPage","@id":"https:\/\/assobdm.it\/tuttaunaltracosa\/il-festival\/","url":"https:\/\/assobdm.it\/tuttaunaltracosa\/il-festival\/","name":"Il festival | TuttaUnAltraCosa","isPartOf":{"@id":"https:\/\/assobdm.it\/tuttaunaltracosa\/#website"},"datePublished":"2012-08-09T12:45:16+00:00","dateModified":"2024-08-23T08:18:38+00:00","description":"Tuttaunaltracosa \u00e8 la carovana equosolidale che ogni anno riunisce i progetti delle Botteghe del Mondo, gli artigiani e i volontari di tutta Italia","breadcrumb":{"@id":"https:\/\/assobdm.it\/tuttaunaltracosa\/il-festival\/#breadcrumb"},"inLanguage":"it-IT","potentialAction":[{"@type":"ReadAction","target":["https:\/\/assobdm.it\/tuttaunaltracosa\/il-festival\/"]}]},{"@type":"BreadcrumbList","@id":"https:\/\/assobdm.it\/tuttaunaltracosa\/il-festival\/#breadcrumb","itemListElement":[{"@type":"ListItem","position":1,"name":"Home","item":"https:\/\/assobdm.it\/tuttaunaltracosa\/"},{"@type":"ListItem","position":2,"name":"Il festival"}]},{"@type":"WebSite","@id":"https:\/\/assobdm.it\/tuttaunaltracosa\/#website","url":"https:\/\/assobdm.it\/tuttaunaltracosa\/","name":"TuttaUnAltraCosa","description":"30\u00b0 Fiera del commercio Equo e solidale","publisher":{"@id":"https:\/\/assobdm.it\/tuttaunaltracosa\/#organization"},"alternateName":"Fiera del commercio Equo e solidale","potentialAction":[{"@type":"SearchAction","target":{"@type":"EntryPoint","urlTemplate":"https:\/\/assobdm.it\/tuttaunaltracosa\/?s={search_term_string}"},"query-input":{"@type":"PropertyValueSpecification","valueRequired":true,"valueName":"search_term_string"}}],"inLanguage":"it-IT"},{"@type":"Organization","@id":"https:\/\/assobdm.it\/tuttaunaltracosa\/#organization","name":"TuttaUnAltraCosa","alternateName":"Fiera del commercio Equo e solidale","url":"https:\/\/assobdm.it\/tuttaunaltracosa\/","logo":{"@type":"ImageObject","inLanguage":"it-IT","@id":"https:\/\/assobdm.it\/tuttaunaltracosa\/#\/schema\/logo\/image\/","url":"https:\/\/assobdm.it\/tuttaunaltracosa\/wp-content\/uploads\/TuttaUnAltraCosa-logo.png","contentUrl":"https:\/\/assobdm.it\/tuttaunaltracosa\/wp-content\/uploads\/TuttaUnAltraCosa-logo.png","width":480,"height":144,"caption":"TuttaUnAltraCosa"},"image":{"@id":"https:\/\/assobdm.it\/tuttaunaltracosa\/#\/schema\/logo\/image\/"},"sameAs":["https:\/\/www.facebook.com\/Tuttaunaltracosa\/?locale=it_IT"]}]}},"_links":{"self":[{"href":"https:\/\/assobdm.it\/tuttaunaltracosa\/wp-json\/wp\/v2\/pages\/21","targetHints":{"allow":["GET"]}}],"collection":[{"href":"https:\/\/assobdm.it\/tuttaunaltracosa\/wp-json\/wp\/v2\/pages"}],"about":[{"href":"https:\/\/assobdm.it\/tuttaunaltracosa\/wp-json\/wp\/v2\/types\/page"}],"author":[{"embeddable":true,"href":"https:\/\/assobdm.it\/tuttaunaltracosa\/wp-json\/wp\/v2\/users\/1"}],"replies":[{"embeddable":true,"href":"https:\/\/assobdm.it\/tuttaunaltracosa\/wp-json\/wp\/v2\/comments?post=21"}],"version-history":[{"count":15,"href":"https:\/\/assobdm.it\/tuttaunaltracosa\/wp-json\/wp\/v2\/pages\/21\/revisions"}],"predecessor-version":[{"id":4180,"href":"https:\/\/assobdm.it\/tuttaunaltracosa\/wp-json\/wp\/v2\/pages\/21\/revisions\/4180"}],"wp:attachment":[{"href":"https:\/\/assobdm.it\/tuttaunaltracosa\/wp-json\/wp\/v2\/media?parent=21"}],"curies":[{"name":"wp","href":"https:\/\/api.w.org\/{rel}","templated":true}]}}